{"id":297,"date":"2024-01-24T08:30:33","date_gmt":"2024-01-24T07:30:33","guid":{"rendered":"https:\/\/www.otrlydivak.cz\/?page_id=297"},"modified":"2025-02-02T16:54:33","modified_gmt":"2025-02-02T15:54:33","slug":"partneri","status":"publish","type":"page","link":"https:\/\/otrlydivak.cz\/en\/partneri\/","title":{"rendered":"Partners"},"content":{"rendered":"<div data-elementor-type=\"wp-page\" data-elementor-id=\"297\" class=\"elementor elementor-297\" data-elementor-post-type=\"page\">\n\t\t\t\t<div class=\"elementor-element elementor-element-d6af51f e-con-full e-flex e-con e-parent\" data-id=\"d6af51f\" data-element_type=\"container\" data-e-type=\"container\" data-settings=\"{&quot;background_background&quot;:&quot;classic&quot;,&quot;jet_parallax_layout_list&quot;:[]}\">\n\t\t\t\t<div class=\"elementor-element elementor-element-6ec1890 elementor-hidden-desktop elementor-hidden-laptop elementor-hidden-tablet_extra elementor-hidden-tablet elementor-hidden-mobile elementor-widget elementor-widget-heading\" data-id=\"6ec1890\" data-element_type=\"widget\" data-e-type=\"widget\" data-widget_type=\"heading.default\">\n\t\t\t\t<div class=\"elementor-widget-container\">\n\t\t\t\t\t<h1 class=\"elementor-heading-title elementor-size-default\">Partners<\/h1>\t\t\t\t<\/div>\n\t\t\t\t<\/div>\n\t\t\t\t<\/div>\n\t\t<div class=\"elementor-element elementor-element-7264142 e-con-full e-flex e-con e-parent\" data-id=\"7264142\" data-element_type=\"container\" data-e-type=\"container\" data-settings=\"{&quot;background_background&quot;:&quot;classic&quot;,&quot;jet_parallax_layout_list&quot;:[]}\">\n\t\t\t\t<div class=\"elementor-element elementor-element-5a91edb elementor-widget elementor-widget-heading\" data-id=\"5a91edb\" data-element_type=\"widget\" data-e-type=\"widget\" data-widget_type=\"heading.default\">\n\t\t\t\t<div class=\"elementor-widget-container\">\n\t\t\t\t\t<h4 class=\"elementor-heading-title elementor-size-default\">Supported by<\/h4>\t\t\t\t<\/div>\n\t\t\t\t<\/div>\n\t\t<div class=\"elementor-element elementor-element-c27597d e-con-full e-flex e-con e-child\" data-id=\"c27597d\" data-element_type=\"container\" data-e-type=\"container\" data-settings=\"{&quot;jet_parallax_layout_list&quot;:[]}\">\n\t\t<div class=\"elementor-element elementor-element-edef5ce e-con-full e-flex e-con e-child\" data-id=\"edef5ce\" data-element_type=\"container\" data-e-type=\"container\" data-settings=\"{&quot;jet_parallax_layout_list&quot;:[]}\">\n\t\t\t\t<div class=\"elementor-element elementor-element-d12a15f elementor-widget elementor-widget-image\" data-id=\"d12a15f\" data-element_type=\"widget\" data-e-type=\"widget\" data-widget_type=\"image.default\">\n\t\t\t\t<div class=\"elementor-widget-container\">\n\t\t\t\t\t\t\t\t\t\t\t\t\t\t\t\t<a href=\"http:\/\/www.europa-cinemas.org\/en\" target=\"_blank\" rel=\"nofollow\">\n\t\t\t\t\t\t\t<img fetchpriority=\"high\" decoding=\"async\" width=\"600\" height=\"252\" src=\"https:\/\/otrlydivak.cz\/wp-content\/uploads\/EUROPACINEMASCREATIVE-Logo_transparent.png\" class=\"attachment-full size-full wp-image-2470\" alt=\"\" srcset=\"https:\/\/otrlydivak.cz\/wp-content\/uploads\/EUROPACINEMASCREATIVE-Logo_transparent.png 600w, https:\/\/otrlydivak.cz\/wp-content\/uploads\/EUROPACINEMASCREATIVE-Logo_transparent-300x126.png 300w, https:\/\/otrlydivak.cz\/wp-content\/uploads\/EUROPACINEMASCREATIVE-Logo_transparent-18x8.png 18w\" sizes=\"(max-width: 600px) 100vw, 600px\" \/>\t\t\t\t\t\t\t\t<\/a>\n\t\t\t\t\t\t\t\t\t\t\t\t\t\t\t<\/div>\n\t\t\t\t<\/div>\n\t\t\t\t<div class=\"elementor-element elementor-element-0bec266 elementor-widget elementor-widget-image\" data-id=\"0bec266\" data-element_type=\"widget\" data-e-type=\"widget\" data-widget_type=\"image.default\">\n\t\t\t\t<div class=\"elementor-widget-container\">\n\t\t\t\t\t\t\t\t\t\t\t\t\t\t\t\t<a href=\"http:\/\/www.praha3.cz\/\" target=\"_blank\" rel=\"nofollow\">\n\t\t\t\t\t\t\t<img decoding=\"async\" width=\"600\" height=\"264\" src=\"https:\/\/otrlydivak.cz\/wp-content\/uploads\/praha-3-logo-white-transparent.png\" class=\"attachment-full size-full wp-image-2464\" alt=\"\" srcset=\"https:\/\/otrlydivak.cz\/wp-content\/uploads\/praha-3-logo-white-transparent.png 600w, https:\/\/otrlydivak.cz\/wp-content\/uploads\/praha-3-logo-white-transparent-300x132.png 300w, https:\/\/otrlydivak.cz\/wp-content\/uploads\/praha-3-logo-white-transparent-18x8.png 18w\" sizes=\"(max-width: 600px) 100vw, 600px\" \/>\t\t\t\t\t\t\t\t<\/a>\n\t\t\t\t\t\t\t\t\t\t\t\t\t\t\t<\/div>\n\t\t\t\t<\/div>\n\t\t\t\t<div class=\"elementor-element elementor-element-94639e9 elementor-widget elementor-widget-image\" data-id=\"94639e9\" data-element_type=\"widget\" data-e-type=\"widget\" data-widget_type=\"image.default\">\n\t\t\t\t<div class=\"elementor-widget-container\">\n\t\t\t\t\t\t\t\t\t\t\t\t\t\t\t\t<a href=\"http:\/\/www.praha.eu\/\" target=\"_blank\" rel=\"nofollow\">\n\t\t\t\t\t\t\t<img decoding=\"async\" width=\"567\" height=\"567\" src=\"https:\/\/otrlydivak.cz\/wp-content\/uploads\/Praha_logo-white-transparent.png\" class=\"attachment-full size-full wp-image-2466\" alt=\"\" srcset=\"https:\/\/otrlydivak.cz\/wp-content\/uploads\/Praha_logo-white-transparent.png 567w, https:\/\/otrlydivak.cz\/wp-content\/uploads\/Praha_logo-white-transparent-300x300.png 300w, https:\/\/otrlydivak.cz\/wp-content\/uploads\/Praha_logo-white-transparent-150x150.png 150w, https:\/\/otrlydivak.cz\/wp-content\/uploads\/Praha_logo-white-transparent-12x12.png 12w\" sizes=\"(max-width: 567px) 100vw, 567px\" \/>\t\t\t\t\t\t\t\t<\/a>\n\t\t\t\t\t\t\t\t\t\t\t\t\t\t\t<\/div>\n\t\t\t\t<\/div>\n\t\t\t\t<div class=\"elementor-element elementor-element-61d3f1f elementor-widget elementor-widget-image\" data-id=\"61d3f1f\" data-element_type=\"widget\" data-e-type=\"widget\" data-widget_type=\"image.default\">\n\t\t\t\t<div class=\"elementor-widget-container\">\n\t\t\t\t\t\t\t\t\t\t\t\t\t\t\t\t<a href=\"http:\/\/www.hell.cz\/\" target=\"_blank\" rel=\"nofollow\">\n\t\t\t\t\t\t\t<img loading=\"lazy\" decoding=\"async\" width=\"304\" height=\"304\" src=\"https:\/\/otrlydivak.cz\/wp-content\/uploads\/hell_loho_kulate-white-tranpsparent.png\" class=\"attachment-full size-full wp-image-2467\" alt=\"\" srcset=\"https:\/\/otrlydivak.cz\/wp-content\/uploads\/hell_loho_kulate-white-tranpsparent.png 304w, https:\/\/otrlydivak.cz\/wp-content\/uploads\/hell_loho_kulate-white-tranpsparent-300x300.png 300w, https:\/\/otrlydivak.cz\/wp-content\/uploads\/hell_loho_kulate-white-tranpsparent-150x150.png 150w, https:\/\/otrlydivak.cz\/wp-content\/uploads\/hell_loho_kulate-white-tranpsparent-12x12.png 12w\" sizes=\"(max-width: 304px) 100vw, 304px\" \/>\t\t\t\t\t\t\t\t<\/a>\n\t\t\t\t\t\t\t\t\t\t\t\t\t\t\t<\/div>\n\t\t\t\t<\/div>\n\t\t\t\t<div class=\"elementor-element elementor-element-4a7e057 elementor-widget elementor-widget-image\" data-id=\"4a7e057\" data-element_type=\"widget\" data-e-type=\"widget\" data-widget_type=\"image.default\">\n\t\t\t\t<div class=\"elementor-widget-container\">\n\t\t\t\t\t\t\t\t\t\t\t\t\t\t\t\t<a href=\"https:\/\/bugshop.cz\/\" target=\"_blank\" rel=\"nofollow\">\n\t\t\t\t\t\t\t<img loading=\"lazy\" decoding=\"async\" width=\"475\" height=\"169\" src=\"https:\/\/otrlydivak.cz\/wp-content\/uploads\/bugshop-white-transparent.png\" class=\"attachment-full size-full wp-image-2465\" alt=\"\" srcset=\"https:\/\/otrlydivak.cz\/wp-content\/uploads\/bugshop-white-transparent.png 475w, https:\/\/otrlydivak.cz\/wp-content\/uploads\/bugshop-white-transparent-300x107.png 300w, https:\/\/otrlydivak.cz\/wp-content\/uploads\/bugshop-white-transparent-18x6.png 18w\" sizes=\"(max-width: 475px) 100vw, 475px\" \/>\t\t\t\t\t\t\t\t<\/a>\n\t\t\t\t\t\t\t\t\t\t\t\t\t\t\t<\/div>\n\t\t\t\t<\/div>\n\t\t\t\t<div class=\"elementor-element elementor-element-f4f0052 elementor-widget elementor-widget-image\" data-id=\"f4f0052\" data-element_type=\"widget\" data-e-type=\"widget\" data-widget_type=\"image.default\">\n\t\t\t\t<div class=\"elementor-widget-container\">\n\t\t\t\t\t\t\t\t\t\t\t\t\t\t\t\t<a href=\"https:\/\/borninporn.cz\/\" target=\"_blank\" rel=\"nofollow\">\n\t\t\t\t\t\t\t<img loading=\"lazy\" decoding=\"async\" width=\"800\" height=\"115\" src=\"https:\/\/otrlydivak.cz\/wp-content\/uploads\/born_in_porn_logotyp-transparent.png\" class=\"attachment-full size-full wp-image-2462\" alt=\"\" srcset=\"https:\/\/otrlydivak.cz\/wp-content\/uploads\/born_in_porn_logotyp-transparent.png 800w, https:\/\/otrlydivak.cz\/wp-content\/uploads\/born_in_porn_logotyp-transparent-300x43.png 300w, https:\/\/otrlydivak.cz\/wp-content\/uploads\/born_in_porn_logotyp-transparent-768x110.png 768w, https:\/\/otrlydivak.cz\/wp-content\/uploads\/born_in_porn_logotyp-transparent-18x3.png 18w\" sizes=\"(max-width: 800px) 100vw, 800px\" \/>\t\t\t\t\t\t\t\t<\/a>\n\t\t\t\t\t\t\t\t\t\t\t\t\t\t\t<\/div>\n\t\t\t\t<\/div>\n\t\t\t\t<\/div>\n\t\t\t\t<\/div>\n\t\t\t\t<\/div>\n\t\t<div class=\"elementor-element elementor-element-b62b069 e-con-full e-flex e-con e-parent\" data-id=\"b62b069\" data-element_type=\"container\" data-e-type=\"container\" data-settings=\"{&quot;background_background&quot;:&quot;classic&quot;,&quot;jet_parallax_layout_list&quot;:[]}\">\n\t\t<div class=\"elementor-element elementor-element-aaf004e e-con-full e-flex e-con e-child\" data-id=\"aaf004e\" data-element_type=\"container\" data-e-type=\"container\" data-settings=\"{&quot;jet_parallax_layout_list&quot;:[]}\">\n\t\t\t\t<\/div>\n\t\t\t\t<\/div>\n\t\t<div class=\"elementor-element elementor-element-1a6b753 e-con-full e-flex e-con e-parent\" data-id=\"1a6b753\" data-element_type=\"container\" data-e-type=\"container\" data-settings=\"{&quot;background_background&quot;:&quot;classic&quot;,&quot;jet_parallax_layout_list&quot;:[]}\">\n\t\t\t\t<div class=\"elementor-element elementor-element-db3566c elementor-widget elementor-widget-heading\" data-id=\"db3566c\" data-element_type=\"widget\" data-e-type=\"widget\" data-widget_type=\"heading.default\">\n\t\t\t\t<div class=\"elementor-widget-container\">\n\t\t\t\t\t<h4 class=\"elementor-heading-title elementor-size-default\">Media partners<\/h4>\t\t\t\t<\/div>\n\t\t\t\t<\/div>\n\t\t<div class=\"elementor-element elementor-element-0a52d59 e-con-full e-flex e-con e-child\" data-id=\"0a52d59\" data-element_type=\"container\" data-e-type=\"container\" data-settings=\"{&quot;jet_parallax_layout_list&quot;:[]}\">\n\t\t<div class=\"elementor-element elementor-element-709a974 e-con-full e-flex e-con e-child\" data-id=\"709a974\" data-element_type=\"container\" data-e-type=\"container\" data-settings=\"{&quot;jet_parallax_layout_list&quot;:[]}\">\n\t\t\t\t<div class=\"elementor-element elementor-element-a681b59 elementor-widget elementor-widget-image\" data-id=\"a681b59\" data-element_type=\"widget\" data-e-type=\"widget\" data-widget_type=\"image.default\">\n\t\t\t\t<div class=\"elementor-widget-container\">\n\t\t\t\t\t\t\t\t\t\t\t\t\t\t\t\t<a href=\"https:\/\/www.csfd.cz\/\" target=\"_blank\" rel=\"nofollow\">\n\t\t\t\t\t\t\t<img loading=\"lazy\" decoding=\"async\" width=\"600\" height=\"146\" src=\"https:\/\/otrlydivak.cz\/wp-content\/uploads\/csfd_white-transparent.png\" class=\"attachment-full size-full wp-image-2473\" alt=\"\" srcset=\"https:\/\/otrlydivak.cz\/wp-content\/uploads\/csfd_white-transparent.png 600w, https:\/\/otrlydivak.cz\/wp-content\/uploads\/csfd_white-transparent-300x73.png 300w, https:\/\/otrlydivak.cz\/wp-content\/uploads\/csfd_white-transparent-18x4.png 18w\" sizes=\"(max-width: 600px) 100vw, 600px\" \/>\t\t\t\t\t\t\t\t<\/a>\n\t\t\t\t\t\t\t\t\t\t\t\t\t\t\t<\/div>\n\t\t\t\t<\/div>\n\t\t\t\t<div class=\"elementor-element elementor-element-a9e7cc4 elementor-widget elementor-widget-image\" data-id=\"a9e7cc4\" data-element_type=\"widget\" data-e-type=\"widget\" data-widget_type=\"image.default\">\n\t\t\t\t<div class=\"elementor-widget-container\">\n\t\t\t\t\t\t\t\t\t\t\t\t\t\t\t\t<a href=\"https:\/\/www.radio1.cz\/\" target=\"_blank\" rel=\"nofollow\">\n\t\t\t\t\t\t\t<img loading=\"lazy\" decoding=\"async\" width=\"500\" height=\"500\" src=\"https:\/\/otrlydivak.cz\/wp-content\/uploads\/R1_logo_white-transparent.png\" class=\"attachment-full size-full wp-image-2457\" alt=\"\" srcset=\"https:\/\/otrlydivak.cz\/wp-content\/uploads\/R1_logo_white-transparent.png 500w, https:\/\/otrlydivak.cz\/wp-content\/uploads\/R1_logo_white-transparent-300x300.png 300w, https:\/\/otrlydivak.cz\/wp-content\/uploads\/R1_logo_white-transparent-150x150.png 150w, https:\/\/otrlydivak.cz\/wp-content\/uploads\/R1_logo_white-transparent-12x12.png 12w\" sizes=\"(max-width: 500px) 100vw, 500px\" \/>\t\t\t\t\t\t\t\t<\/a>\n\t\t\t\t\t\t\t\t\t\t\t\t\t\t\t<\/div>\n\t\t\t\t<\/div>\n\t\t\t\t<div class=\"elementor-element elementor-element-5a5edaf elementor-widget elementor-widget-image\" data-id=\"5a5edaf\" data-element_type=\"widget\" data-e-type=\"widget\" data-widget_type=\"image.default\">\n\t\t\t\t<div class=\"elementor-widget-container\">\n\t\t\t\t\t\t\t\t\t\t\t\t\t\t\t\t<a href=\"https:\/\/www.pevnost.cz\/\" target=\"_blank\" rel=\"nofollow\">\n\t\t\t\t\t\t\t<img loading=\"lazy\" decoding=\"async\" width=\"700\" height=\"142\" src=\"https:\/\/otrlydivak.cz\/wp-content\/uploads\/Pevnost_logo_white-transparent.png\" class=\"attachment-full size-full wp-image-2461\" alt=\"\" srcset=\"https:\/\/otrlydivak.cz\/wp-content\/uploads\/Pevnost_logo_white-transparent.png 700w, https:\/\/otrlydivak.cz\/wp-content\/uploads\/Pevnost_logo_white-transparent-300x61.png 300w, https:\/\/otrlydivak.cz\/wp-content\/uploads\/Pevnost_logo_white-transparent-18x4.png 18w\" sizes=\"(max-width: 700px) 100vw, 700px\" \/>\t\t\t\t\t\t\t\t<\/a>\n\t\t\t\t\t\t\t\t\t\t\t\t\t\t\t<\/div>\n\t\t\t\t<\/div>\n\t\t\t\t<div class=\"elementor-element elementor-element-0f17f00 elementor-widget elementor-widget-image\" data-id=\"0f17f00\" data-element_type=\"widget\" data-e-type=\"widget\" data-widget_type=\"image.default\">\n\t\t\t\t<div class=\"elementor-widget-container\">\n\t\t\t\t\t\t\t\t\t\t\t\t\t\t\t\t<a href=\"https:\/\/www.advojka.cz\/\" target=\"_blank\" rel=\"nofollow\">\n\t\t\t\t\t\t\t<img loading=\"lazy\" decoding=\"async\" width=\"600\" height=\"438\" src=\"https:\/\/otrlydivak.cz\/wp-content\/uploads\/logo-a2-transparent.png\" class=\"attachment-full size-full wp-image-2469\" alt=\"\" srcset=\"https:\/\/otrlydivak.cz\/wp-content\/uploads\/logo-a2-transparent.png 600w, https:\/\/otrlydivak.cz\/wp-content\/uploads\/logo-a2-transparent-300x219.png 300w, https:\/\/otrlydivak.cz\/wp-content\/uploads\/logo-a2-transparent-16x12.png 16w\" sizes=\"(max-width: 600px) 100vw, 600px\" \/>\t\t\t\t\t\t\t\t<\/a>\n\t\t\t\t\t\t\t\t\t\t\t\t\t\t\t<\/div>\n\t\t\t\t<\/div>\n\t\t\t\t<div class=\"elementor-element elementor-element-4901ec6 elementor-widget elementor-widget-image\" data-id=\"4901ec6\" data-element_type=\"widget\" data-e-type=\"widget\" data-widget_type=\"image.default\">\n\t\t\t\t<div class=\"elementor-widget-container\">\n\t\t\t\t\t\t\t\t\t\t\t\t\t\t\t\t<a href=\"https:\/\/praha.rozhlas.cz\/\" target=\"_blank\" rel=\"nofollow\">\n\t\t\t\t\t\t\t<img loading=\"lazy\" decoding=\"async\" width=\"600\" height=\"152\" src=\"https:\/\/otrlydivak.cz\/wp-content\/uploads\/CRo_RadioPraha-transparent.png\" class=\"attachment-full size-full wp-image-2471\" alt=\"\" srcset=\"https:\/\/otrlydivak.cz\/wp-content\/uploads\/CRo_RadioPraha-transparent.png 600w, https:\/\/otrlydivak.cz\/wp-content\/uploads\/CRo_RadioPraha-transparent-300x76.png 300w, https:\/\/otrlydivak.cz\/wp-content\/uploads\/CRo_RadioPraha-transparent-18x5.png 18w\" sizes=\"(max-width: 600px) 100vw, 600px\" \/>\t\t\t\t\t\t\t\t<\/a>\n\t\t\t\t\t\t\t\t\t\t\t\t\t\t\t<\/div>\n\t\t\t\t<\/div>\n\t\t\t\t<\/div>\n\t\t\t\t<\/div>\n\t\t\t\t<\/div>\n\t\t\t\t<\/div>","protected":false},"excerpt":{"rendered":"<p>Partne\u0159i Festival podpo\u0159ili Medi\u00e1ln\u00ed partne\u0159i<\/p>","protected":false},"author":2,"featured_media":0,"parent":0,"menu_order":0,"comment_status":"closed","ping_status":"closed","template":"","meta":{"_seopress_robots_primary_cat":"","_seopress_titles_title":"","_seopress_titles_desc":"","_seopress_robots_index":"","footnotes":""},"class_list":["post-297","page","type-page","status-publish","hentry"],"_links":{"self":[{"href":"https:\/\/otrlydivak.cz\/en\/wp-json\/wp\/v2\/pages\/297","targetHints":{"allow":["GET"]}}],"collection":[{"href":"https:\/\/otrlydivak.cz\/en\/wp-json\/wp\/v2\/pages"}],"about":[{"href":"https:\/\/otrlydivak.cz\/en\/wp-json\/wp\/v2\/types\/page"}],"author":[{"embeddable":true,"href":"https:\/\/otrlydivak.cz\/en\/wp-json\/wp\/v2\/users\/2"}],"replies":[{"embeddable":true,"href":"https:\/\/otrlydivak.cz\/en\/wp-json\/wp\/v2\/comments?post=297"}],"version-history":[{"count":6,"href":"https:\/\/otrlydivak.cz\/en\/wp-json\/wp\/v2\/pages\/297\/revisions"}],"predecessor-version":[{"id":3221,"href":"https:\/\/otrlydivak.cz\/en\/wp-json\/wp\/v2\/pages\/297\/revisions\/3221"}],"wp:attachment":[{"href":"https:\/\/otrlydivak.cz\/en\/wp-json\/wp\/v2\/media?parent=297"}],"curies":[{"name":"wp","href":"https:\/\/api.w.org\/{rel}","templated":true}]}}