{"id":302,"date":"2024-01-24T08:31:47","date_gmt":"2024-01-24T07:31:47","guid":{"rendered":"https:\/\/www.otrlydivak.cz\/?page_id=302"},"modified":"2026-02-23T19:26:37","modified_gmt":"2026-02-23T18:26:37","slug":"vstupenky","status":"publish","type":"page","link":"https:\/\/otrlydivak.cz\/en\/vstupenky\/","title":{"rendered":"Tickets"},"content":{"rendered":"<div data-elementor-type=\"wp-page\" data-elementor-id=\"302\" class=\"elementor elementor-302\" data-elementor-post-type=\"page\">\n\t\t\t\t<div class=\"elementor-element elementor-element-598cf80 e-con-full e-flex e-con e-parent\" data-id=\"598cf80\" data-element_type=\"container\" data-e-type=\"container\" data-settings=\"{&quot;jet_parallax_layout_list&quot;:[]}\">\n\t\t\t\t<div class=\"elementor-element elementor-element-1148c4c elementor-widget elementor-widget-heading\" data-id=\"1148c4c\" data-element_type=\"widget\" data-e-type=\"widget\" data-widget_type=\"heading.default\">\n\t\t\t\t<div class=\"elementor-widget-container\">\n\t\t\t\t\t<h1 class=\"elementor-heading-title elementor-size-default\">Tickets<\/h1>\t\t\t\t<\/div>\n\t\t\t\t<\/div>\n\t\t\t\t<\/div>\n\t\t<div class=\"elementor-element elementor-element-87ea90e e-con-full e-flex e-con e-parent\" data-id=\"87ea90e\" data-element_type=\"container\" data-e-type=\"container\" data-settings=\"{&quot;jet_parallax_layout_list&quot;:[]}\">\n\t\t\t\t<div class=\"elementor-element elementor-element-9175c8a elementor-widget-tablet_extra__width-initial elementor-widget elementor-widget-n-accordion\" data-id=\"9175c8a\" data-element_type=\"widget\" data-e-type=\"widget\" data-settings=\"{&quot;default_state&quot;:&quot;expanded&quot;,&quot;max_items_expended&quot;:&quot;one&quot;,&quot;n_accordion_animation_duration&quot;:{&quot;unit&quot;:&quot;ms&quot;,&quot;size&quot;:400,&quot;sizes&quot;:[]}}\" data-widget_type=\"nested-accordion.default\">\n\t\t\t\t<div class=\"elementor-widget-container\">\n\t\t\t\t\t\t\t<div class=\"e-n-accordion\" aria-label=\"Accordion. Open links with Enter or Space, close with Escape, and navigate with Arrow Keys\">\n\t\t\t\t\t\t<details id=\"e-n-accordion-item-1520\" class=\"e-n-accordion-item\" open>\n\t\t\t\t<summary class=\"e-n-accordion-item-title\" data-accordion-index=\"1\" tabindex=\"0\" aria-expanded=\"true\" aria-controls=\"e-n-accordion-item-1520\" >\n\t\t\t\t\t<span class='e-n-accordion-item-title-header'><div class=\"e-n-accordion-item-title-text\"> Prodej vstupenek <\/div><\/span>\n\t\t\t\t\t\t\t<span class='e-n-accordion-item-title-icon'>\n\t\t\t<span class='e-opened' ><i aria-hidden=\"true\" class=\"fas fa-minus\"><\/i><\/span>\n\t\t\t<span class='e-closed'><i aria-hidden=\"true\" class=\"fas fa-plus\"><\/i><\/span>\n\t\t<\/span>\n\n\t\t\t\t\t\t<\/summary>\n\t\t\t\t<div role=\"region\" aria-labelledby=\"e-n-accordion-item-1520\" class=\"elementor-element elementor-element-1cd6272 e-con-full e-flex e-con e-child\" data-id=\"1cd6272\" data-element_type=\"container\" data-e-type=\"container\" data-settings=\"{&quot;jet_parallax_layout_list&quot;:[]}\">\n\t\t\t\t<div class=\"elementor-element elementor-element-4b77381 elementor-widget__width-initial odkaz-bila-linka elementor-widget elementor-widget-text-editor\" data-id=\"4b77381\" data-element_type=\"widget\" data-e-type=\"widget\" data-widget_type=\"text-editor.default\">\n\t\t\t\t<div class=\"elementor-widget-container\">\n\t\t\t\t\t\t\t\t\t<p><strong>Main venue<\/strong><\/p><p>Vstupenky lze kupovat online p\u0159es <a href=\"https:\/\/kinoaero.cz\/\">program<\/a> na internetov\u00fdch str\u00e1nk\u00e1ch kina Aero. Vstupenky rovnou zaplat\u00edte, p\u0159ijdou v\u00e1m mailem jako pdf, kter\u00e9 si vytisknete nebo p\u0159inesete s sebou ve sv\u00e9m chytr\u00e9m telefonu a nemus\u00edte st\u00e1t frontu u pokladny.<\/p><p>Po zve\u0159ejn\u011bn\u00ed programu se p\u0159ednostn\u011b prod\u00e1vaj\u00ed permanentky na cel\u00fd program a a\u017e t\u00fdden pot\u00e9 je mo\u017en\u00e9 kupovat l\u00edstky na jednotliv\u00e9 projekce. Permanentku lze zakoupit po zve\u0159ejn\u011bn\u00ed programu <a href=\"https:\/\/kinoaero.cz\/otrlec\">na webu kina Aero<\/a>.<\/p><p><strong>Regional venues<\/strong><\/p><p>V\u0161echny projekce v r\u00e1mci ozv\u011bn Festivalu otrl\u00e9ho div\u00e1ka v Brn\u011b v\u00a0<a href=\"http:\/\/kinoscala.cz\/\">kin\u011b Scala<\/a>\u00a0a v Hradci Kr\u00e1lov\u00e9 v\u00a0<a href=\"http:\/\/www.biocentral.cz\/\">Biu Central<\/a> prob\u00edhaj\u00ed p\u0159es pokladny a webov\u00e9 str\u00e1nky p\u0159\u00edslu\u0161n\u00fdch kin.<\/p>\t\t\t\t\t\t\t\t<\/div>\n\t\t\t\t<\/div>\n\t\t\t\t<\/div>\n\t\t\t\t\t<\/details>\n\t\t\t\t\t\t<details id=\"e-n-accordion-item-1521\" class=\"e-n-accordion-item\" >\n\t\t\t\t<summary class=\"e-n-accordion-item-title\" data-accordion-index=\"2\" tabindex=\"-1\" aria-expanded=\"false\" aria-controls=\"e-n-accordion-item-1521\" >\n\t\t\t\t\t<span class='e-n-accordion-item-title-header'><div class=\"e-n-accordion-item-title-text\"> Ceny vstupenek <\/div><\/span>\n\t\t\t\t\t\t\t<span class='e-n-accordion-item-title-icon'>\n\t\t\t<span class='e-opened' ><i aria-hidden=\"true\" class=\"fas fa-minus\"><\/i><\/span>\n\t\t\t<span class='e-closed'><i aria-hidden=\"true\" class=\"fas fa-plus\"><\/i><\/span>\n\t\t<\/span>\n\n\t\t\t\t\t\t<\/summary>\n\t\t\t\t<div role=\"region\" aria-labelledby=\"e-n-accordion-item-1521\" class=\"elementor-element elementor-element-bbc3386 e-con-full e-flex e-con e-child\" data-id=\"bbc3386\" data-element_type=\"container\" data-e-type=\"container\" data-settings=\"{&quot;jet_parallax_layout_list&quot;:[]}\">\n\t\t\t\t<div class=\"elementor-element elementor-element-acee25f elementor-widget__width-initial odkaz-bila-linka elementor-widget elementor-widget-text-editor\" data-id=\"acee25f\" data-element_type=\"widget\" data-e-type=\"widget\" data-widget_type=\"text-editor.default\">\n\t\t\t\t<div class=\"elementor-widget-container\">\n\t\t\t\t\t\t\t\t\t<p><strong>Main venue<\/strong><\/p><p>Klasick\u00e9 filmov\u00e9 projekce v r\u00e1mci hlavn\u00ed pra\u017esk\u00e9 \u010d\u00e1sti Festivalu otrl\u00e9ho div\u00e1ka maj\u00ed jednotn\u00e9 vstupn\u00e9 190,- K\u010d. Produk\u010dn\u011b n\u00e1ro\u010dn\u011bj\u0161\u00ed tituly s \u017eiv\u00fdm dabingem \u010di interaktivn\u00edmi slo\u017ekami pak za 220,- K\u010d. L\u00edstky jsou adresn\u00e9 na konkr\u00e9tn\u00ed m\u00edsta v s\u00e1le.<\/p><p>Z\u00e1rove\u0148 m\u00e1me pro v\u011brn\u00e9 div\u00e1ky mo\u017enost prost\u0159ednictv\u00edm abonm\u00e1 po\u0159\u00eddit l\u00edstky na cel\u00fd festival s v\u00fdraznou slevou a garanc\u00ed m\u00edsta nejen na aktu\u00e1ln\u00ed ro\u010dn\u00edk, ale i jako p\u0159edb\u011b\u017enou rezervaci na budouc\u00ed ro\u010dn\u00edky festivalu. Tyto permanentky budou uvoln\u011bny do prodeje p\u0159ednostn\u011b po zve\u0159ejn\u011bn\u00ed programu a a\u017e t\u00fdden pot\u00e9 bude mo\u017en\u00e9 kupovat l\u00edstky na jednotliv\u00e9 projekce.<\/p><p>Sou\u010dasn\u011b m\u016f\u017eete vyu\u017e\u00edt st\u00e1l\u00e9 akce\u00a0<a href=\"http:\/\/www.kinoaero.cz\/\">Aera<\/a>\u00a0a koupit si\u00a0<a href=\"https:\/\/kinoaero.cz\/info\/kino-karta\">Kino kartu<\/a>\u00a0v cen\u011b 1000 K\u010d a z\u00edskat tak 1100 kredit\u016f. Prod\u00e1v\u00e1 se p\u0159\u00edmo v Aeru nebo na pokladnn\u00e1ch sp\u0159\u00e1telen\u00fdch kin\u00a0<a href=\"http:\/\/www.kinosvetozor.cz\/\">Sv\u011btozor<\/a>\u00a0a\u00a0<a href=\"http:\/\/www.biooko.net\/\">Oko<\/a>. Za kredity je mo\u017en\u00e9 koupit i permanentku na cel\u00fd festival, ale bohu\u017eel kv\u016fli technick\u00e9mu omezen\u00ed pokladn\u00edho syst\u00e9mu pouze online.<\/p><p><strong>Regional venues<\/strong><\/p><p>V\u0161echny projekce v r\u00e1mci ozv\u011bn Festivalu otrl\u00e9ho div\u00e1ka v Brn\u011b v\u00a0<a href=\"http:\/\/kinoscala.cz\/\">kin\u011b Scala<\/a>\u00a0a v Hradci Kr\u00e1lov\u00e9 v\u00a0<a href=\"http:\/\/www.biocentral.cz\/\">Biu Central<\/a>\u00a0prob\u00edhaj\u00ed p\u0159es pokladny a webov\u00e9 str\u00e1ky p\u0159\u00edslu\u0161n\u00fdch kin.<\/p><p>Akreditace nevedeme, ale m\u016f\u017eete vyu\u017e\u00edt st\u00e1l\u00e9 akce t\u011bchto kin a na pokladn\u011b\u00a0<a href=\"https:\/\/www.kinoscala.cz\/cz\/film\/do-kina-s-kinokartou-8472\">kina Scala<\/a>\u00a0\u010di\u00a0<a href=\"https:\/\/www.biocentral.cz\/cz\/udalost\/kinokarty-jiz-v-prodeji-137\">Bia Central<\/a>\u00a0si koupit Kino kartu v cen\u011b 1000 K\u010d, s bonusem 100 K\u010d, a vyu\u017e\u00edt tak k n\u00e1kupu 1100 kredit\u016f.<\/p>\t\t\t\t\t\t\t\t<\/div>\n\t\t\t\t<\/div>\n\t\t\t\t<\/div>\n\t\t\t\t\t<\/details>\n\t\t\t\t\t\t<details id=\"e-n-accordion-item-1522\" class=\"e-n-accordion-item\" >\n\t\t\t\t<summary class=\"e-n-accordion-item-title\" data-accordion-index=\"3\" tabindex=\"-1\" aria-expanded=\"false\" aria-controls=\"e-n-accordion-item-1522\" >\n\t\t\t\t\t<span class='e-n-accordion-item-title-header'><div class=\"e-n-accordion-item-title-text\"> Rocky Horror Picture Show <\/div><\/span>\n\t\t\t\t\t\t\t<span class='e-n-accordion-item-title-icon'>\n\t\t\t<span class='e-opened' ><i aria-hidden=\"true\" class=\"fas fa-minus\"><\/i><\/span>\n\t\t\t<span class='e-closed'><i aria-hidden=\"true\" class=\"fas fa-plus\"><\/i><\/span>\n\t\t<\/span>\n\n\t\t\t\t\t\t<\/summary>\n\t\t\t\t<div role=\"region\" aria-labelledby=\"e-n-accordion-item-1522\" class=\"elementor-element elementor-element-5a1a41f e-con-full e-flex e-con e-child\" data-id=\"5a1a41f\" data-element_type=\"container\" data-e-type=\"container\" data-settings=\"{&quot;jet_parallax_layout_list&quot;:[]}\">\n\t\t\t\t<div class=\"elementor-element elementor-element-1a89e4b elementor-widget__width-initial odkaz-bila-linka elementor-widget elementor-widget-text-editor\" data-id=\"1a89e4b\" data-element_type=\"widget\" data-e-type=\"widget\" data-widget_type=\"text-editor.default\">\n\t\t\t\t<div class=\"elementor-widget-container\">\n\t\t\t\t\t\t\t\t\t<p>Na\u00a0<i>Roc<\/i><i>ky Horror Picture Show<\/i>\u00a0je vstupn\u00e9 330 K\u010d a l\u00edstky jsou adresn\u00e9 na konkr\u00e9tn\u00ed m\u00edsta v s\u00e1le.<\/p>\t\t\t\t\t\t\t\t<\/div>\n\t\t\t\t<\/div>\n\t\t\t\t<\/div>\n\t\t\t\t\t<\/details>\n\t\t\t\t\t\t<details id=\"e-n-accordion-item-1523\" class=\"e-n-accordion-item\" >\n\t\t\t\t<summary class=\"e-n-accordion-item-title\" data-accordion-index=\"4\" tabindex=\"-1\" aria-expanded=\"false\" aria-controls=\"e-n-accordion-item-1523\" >\n\t\t\t\t\t<span class='e-n-accordion-item-title-header'><div class=\"e-n-accordion-item-title-text\"> P\u0159\u00edstupnost <\/div><\/span>\n\t\t\t\t\t\t\t<span class='e-n-accordion-item-title-icon'>\n\t\t\t<span class='e-opened' ><i aria-hidden=\"true\" class=\"fas fa-minus\"><\/i><\/span>\n\t\t\t<span class='e-closed'><i aria-hidden=\"true\" class=\"fas fa-plus\"><\/i><\/span>\n\t\t<\/span>\n\n\t\t\t\t\t\t<\/summary>\n\t\t\t\t<div role=\"region\" aria-labelledby=\"e-n-accordion-item-1523\" class=\"elementor-element elementor-element-39b064f e-con-full e-flex e-con e-child\" data-id=\"39b064f\" data-element_type=\"container\" data-e-type=\"container\" data-settings=\"{&quot;jet_parallax_layout_list&quot;:[]}\">\n\t\t\t\t<div class=\"elementor-element elementor-element-b924f23 elementor-widget__width-initial odkaz-bila-linka elementor-widget elementor-widget-text-editor\" data-id=\"b924f23\" data-element_type=\"widget\" data-e-type=\"widget\" data-widget_type=\"text-editor.default\">\n\t\t\t\t<div class=\"elementor-widget-container\">\n\t\t\t\t\t\t\t\t\t<p>Festivalu otrl\u00e9ho div\u00e1ka se nemohou \u00fa\u010dastnit osoby mlad\u0161\u00ed 15 let (tedy mohou s nimi p\u0159ij\u00edt rodi\u010de, z\u00e1konn\u00ed z\u00e1stupci \u010di hodn\u00ed strejdov\u00e9 a zlobiv\u00e9 teti\u010dky). Na vybran\u00e9 projekce je stanoven\u00e1 p\u0159\u00edstupnost a\u017e od 18 let, co\u017e je v\u017edy zd\u016frazn\u011bno u konkr\u00e9tn\u00edch projekc\u00ed film\u016f.<\/p>\t\t\t\t\t\t\t\t<\/div>\n\t\t\t\t<\/div>\n\t\t\t\t<\/div>\n\t\t\t\t\t<\/details>\n\t\t\t\t\t<\/div>\n\t\t\t\t\t\t<\/div>\n\t\t\t\t<\/div>\n\t\t\t\t<\/div>\n\t\t\t\t<\/div>","protected":false},"excerpt":{"rendered":"<p>Vstupenky Prodej vstupenek Hlavn\u00ed program Vstupenky lze kupovat online p\u0159es program na internetov\u00fdch str\u00e1nk\u00e1ch kina Aero. Vstupenky rovnou zaplat\u00edte, p\u0159ijdou v\u00e1m mailem jako pdf, kter\u00e9 si vytisknete nebo p\u0159inesete s sebou ve sv\u00e9m chytr\u00e9m telefonu a nemus\u00edte st\u00e1t frontu u pokladny. Po zve\u0159ejn\u011bn\u00ed programu se p\u0159ednostn\u011b prod\u00e1vaj\u00ed permanentky na cel\u00fd program a a\u017e t\u00fdden pot\u00e9 [&hellip;]<\/p>\n","protected":false},"author":2,"featured_media":0,"parent":0,"menu_order":0,"comment_status":"closed","ping_status":"closed","template":"","meta":{"_seopress_robots_primary_cat":"","_seopress_titles_title":"","_seopress_titles_desc":"","_seopress_robots_index":"","footnotes":""},"class_list":["post-302","page","type-page","status-publish","hentry"],"_links":{"self":[{"href":"https:\/\/otrlydivak.cz\/en\/wp-json\/wp\/v2\/pages\/302","targetHints":{"allow":["GET"]}}],"collection":[{"href":"https:\/\/otrlydivak.cz\/en\/wp-json\/wp\/v2\/pages"}],"about":[{"href":"https:\/\/otrlydivak.cz\/en\/wp-json\/wp\/v2\/types\/page"}],"author":[{"embeddable":true,"href":"https:\/\/otrlydivak.cz\/en\/wp-json\/wp\/v2\/users\/2"}],"replies":[{"embeddable":true,"href":"https:\/\/otrlydivak.cz\/en\/wp-json\/wp\/v2\/comments?post=302"}],"version-history":[{"count":21,"href":"https:\/\/otrlydivak.cz\/en\/wp-json\/wp\/v2\/pages\/302\/revisions"}],"predecessor-version":[{"id":4450,"href":"https:\/\/otrlydivak.cz\/en\/wp-json\/wp\/v2\/pages\/302\/revisions\/4450"}],"wp:attachment":[{"href":"https:\/\/otrlydivak.cz\/en\/wp-json\/wp\/v2\/media?parent=302"}],"curies":[{"name":"wp","href":"https:\/\/api.w.org\/{rel}","templated":true}]}}